{"id":85,"date":"2016-05-22T21:02:56","date_gmt":"2016-05-22T21:02:56","guid":{"rendered":"http:\/\/carloscuevas.mx\/sitio\/?page_id=85"},"modified":"2017-10-27T14:28:47","modified_gmt":"2017-10-27T19:28:47","slug":"biografia","status":"publish","type":"page","link":"https:\/\/carloscuevas.mx\/sitio\/biografia\/","title":{"rendered":"Biograf\u00eda"},"content":{"rendered":"<body><p>[vc_row iron_row_type=\u201din_container\u201d iron_remove_padding_medium=\u201d\u201d iron_remove_padding_small=\u201dmobilenopadding\u201d iron_overlay_pattern=\u201d\u201d iron_parallax=\u201d\u201d iron_bg_video=\u201d\u201d css=\u201d.vc_custom_1509035540674{margin-bottom: 50px !important;}\u201d][vc_column css=\u201d.vc_custom_1466002028564{padding-right: 15% !important;padding-left: 15% !important;}\u201d][vc_custom_heading text=\u201dBio.\u201d font_container=\u201dtag:p|font_size:12px|text_align:left|line_height:12px\u201d use_theme_fonts=\u201dyes\u201d fit_bg_text=\u201d0\u2033][vc_custom_heading text=\u201dMIENTRAS EXISTA UNA PAREJA DE <i>ENAMORADOS<\/i>, EXISTIR\u00c1 EL <i> BOLERO<\/i>,<br>\nY PARA CANTARLO <i>CARLOS CUEVAS<\/i>.\u201d font_container=\u201dtag:h3|font_size:30px|text_align:left|line_height:38px\u201d use_theme_fonts=\u201dyes\u201d fit_bg_text=\u201d0\u2033][vc_column_text css=\u201d.vc_custom_1509132525498{padding-bottom: 78px !important;}\u201d]<\/p>\n<p style=\"text-align: justify;\">El 1\u00ba de Diciembre de 1990, ante un p\u00fablico latino que lo aplaude extasiado y nost\u00e1lgico en Las Vegas, Nevada, Carlos Cuevas gana la fase internacional del Festival OTI y desde entonces no ha parado de trabajar incansablemente, cantando el bolero por convicci\u00f3n y no por moda, respetando este g\u00e9nero musical e interpret\u00e1ndolo como es, sin deformar su esencia, aunque eso s\u00ed, con un toque contempor\u00e1neo.<\/p>\n<p style=\"text-align: justify;\">En su af\u00e1n de difundirlo, ha hecho giras internacionales a Nicaragua, El Salvador, Costa Rica, Cuba, Argentina, Puerto Rico y Guatemala, sum\u00e1ndose a estas las realizadas en diferentes puntos de la Uni\u00f3n Americana, adem\u00e1s de haber sido invitado por Armando Manzanero para cantar en Madrid, Espa\u00f1a, en el teatro Lope de Vega. Durante este viaje se present\u00f3 en Sevilla, en la Feria Internacional, as\u00ed como en C\u00e1diz.<\/p>\n<p style=\"text-align: justify;\">Carlos Cuevas, artista internacional, ha compartido escenarios con Julio Iglesias, Pl\u00e1cido Domingo, Armando Manzanero, A\u00edda Cuevas, Vicente y Alejandro Fern\u00e1ndez entre muchos otros.<br>\nEn 2016 el Jefe de Gobierno Miguel \u00c1ngel Mancera, le otorga un reconocimiento por 35 a\u00f1os de carrera art\u00edstica. En septiembre de 2017 recibe El Micr\u00f3fono de Oro, en Las Vegas, Nevada por su excepcional trayectoria musical.<\/p>\n<p style=\"text-align: justify;\">Actualmente conduce el programa Noche a Noche Contigo, donde nos deleita con una bohemia espectacular, en compa\u00f1\u00eda de destacados invitados, as\u00ed mismo contin\u00faa con sus exitosas presentaciones por toda la Rep\u00fablica Mexicana y el extranjero.<\/p>\n<p>[\/vc_column_text][vc_single_image image=\u201d1115\u2033 img_size=\u201dfull\u201d alignment=\u201dcenter\u201d img_fullwidth=\u201d0\u2033][\/vc_column][\/vc_row][vc_row iron_row_type=\u201din_container\u201d iron_remove_padding_medium=\u201d\u201d iron_remove_padding_small=\u201d\u201d iron_overlay_pattern=\u201d\u201d iron_parallax=\u201d\u201d iron_bg_video=\u201d\u201d css=\u201d.vc_custom_1509035503305{padding-top: 0px !important;padding-bottom: 100px !important;}\u201d][vc_column][vc_custom_heading text=\u201dVIDEOS\u201d font_container=\u201dtag:h2|font_size:21px|text_align:center|color:%23f5f5f5|line_height:24px\u201d use_theme_fonts=\u201dyes\u201d fit_bg_text=\u201d0\u2033]\t<div class=\"dividerwrap\" style=\"padding-top:12px; padding-bottom:40px;\">\r\n\t\t<div class=\"defaultdivider center\" style=\"background-color:#f5f5f5\"><\/div>\r\n\t\t<div class=\"clear\"><\/div>\r\n\t<\/div>[vc_empty_space][vc_video link=\u201dhttps:\/\/www.youtube.com\/watch?v=C6G2uTeQrHY&amp;list=RDEMhlb7UHtrTFFbvCtki5jp2w\u201d el_width=\u201d70\u2033 align=\u201dcenter\u201d][\/vc_column][\/vc_row]<\/p>\n<\/body>","protected":false},"excerpt":{"rendered":"<p>[vc_row iron_row_type=\u201din_container\u201d iron_remove_padding_medium=\u201d\u201d iron_remove_padding_small=\u201dmobilenopadding\u201d iron_overlay_pattern=\u201d\u201d iron_parallax=\u201d\u201d iron_bg_video=\u201d\u201d css=\u201d.vc_custom_1509035540674{margin-bottom: 50px !important;}\u201d][vc_column css=\u201d.vc_custom_1466002028564{padding-right: 15% !important;padding-left: 15% !important;}\u201d][vc_custom_heading text=\u201dBio.\u201d font_container=\u201dtag:p|font_size:12px|text_align:left|line_height:12px\u201d use_theme_fonts=\u201dyes\u201d fit_bg_text=\u201d0\u2033][vc_custom_heading text=\u201dMIENTRAS EXISTA UNA PAREJA DE ENAMORADOS, EXISTIR\u00c1 EL BOLERO, Y PARA CANTARLO CARLOS CUEVAS.\u201d font_container=\u201dtag:h3|font_size:30px|text_align:left|line_height:38px\u201d use_theme_fonts=\u201dyes\u201d fit_bg_text=\u201d0\u2033][vc_column_text css=\u201d.vc_custom_1509132525498{padding-bottom: 78px !important;}\u201d] El 1\u00ba de Diciembre de 1990, ante un p\u00fablico latino que lo aplaude extasiado y nost\u00e1lgico en Las Vegas, Nevada, Carlos Cuevas gana la fase internacional del Festival OTI y desde entonces no ha parado de trabajar incansablemente, cantando el bolero [&hellip;]<\/p>\n","protected":false},"author":2,"featured_media":0,"parent":0,"menu_order":0,"comment_status":"closed","ping_status":"closed","template":"","meta":{"om_disable_all_campaigns":false,"_monsterinsights_skip_tracking":false,"_monsterinsights_sitenote_active":false,"_monsterinsights_sitenote_note":"","_monsterinsights_sitenote_category":0,"footnotes":""},"class_list":["post-85","page","type-page","status-publish","hentry"],"yoast_head":"<!-- This site is optimized with the Yoast SEO plugin v27.5 - https:\/\/yoast.com\/product\/yoast-seo-wordpress\/ -->\n<title>Biograf\u00eda - Carlos Cuevas :: Sitio Oficial M\u00e9xico<\/title>\n<meta name=\"robots\" content=\"index, follow, max-snippet:-1, max-image-preview:large, max-video-preview:-1\" \/>\n<link rel=\"canonical\" href=\"https:\/\/carloscuevas.mx\/sitio\/biografia\/\" \/>\n<meta property=\"og:locale\" content=\"es_MX\" \/>\n<meta property=\"og:type\" content=\"article\" \/>\n<meta property=\"og:title\" content=\"Biograf\u00eda - Carlos Cuevas :: Sitio Oficial M\u00e9xico\" \/>\n<meta property=\"og:description\" content=\"[vc_row iron_row_type=\u201din_container\u201d iron_remove_padding_medium=\u201d\u201d iron_remove_padding_small=\u201dmobilenopadding\u201d iron_overlay_pattern=\u201d\u201d iron_parallax=\u201d\u201d iron_bg_video=\u201d\u201d css=\u201d.vc_custom_1509035540674{margin-bottom: 50px !important;}\u201d][vc_column css=\u201d.vc_custom_1466002028564{padding-right: 15% !important;padding-left: 15% !important;}\u201d][vc_custom_heading text=\u201dBio.\u201d font_container=\u201dtag:p|font_size:12px|text_align:left|line_height:12px\u201d use_theme_fonts=\u201dyes\u201d fit_bg_text=\u201d0\u2033][vc_custom_heading text=\u201dMIENTRAS EXISTA UNA PAREJA DE ENAMORADOS, EXISTIR\u00c1 EL BOLERO, Y PARA CANTARLO CARLOS CUEVAS.\u201d font_container=\u201dtag:h3|font_size:30px|text_align:left|line_height:38px\u201d use_theme_fonts=\u201dyes\u201d fit_bg_text=\u201d0\u2033][vc_column_text css=\u201d.vc_custom_1509132525498{padding-bottom: 78px !important;}\u201d] El 1\u00ba de Diciembre de 1990, ante un p\u00fablico latino que lo aplaude extasiado y nost\u00e1lgico en Las Vegas, Nevada, Carlos Cuevas gana la fase internacional del Festival OTI y desde entonces no ha parado de trabajar incansablemente, cantando el bolero [&hellip;]\" \/>\n<meta property=\"og:url\" content=\"https:\/\/carloscuevas.mx\/sitio\/biografia\/\" \/>\n<meta property=\"og:site_name\" content=\"Carlos Cuevas :: Sitio Oficial M\u00e9xico\" \/>\n<meta property=\"article:modified_time\" content=\"2017-10-27T19:28:47+00:00\" \/>\n<meta name=\"twitter:card\" content=\"summary_large_image\" \/>\n<meta name=\"twitter:label1\" content=\"Tiempo de lectura\" \/>\n\t<meta name=\"twitter:data1\" content=\"2 minutos\" \/>\n<script type=\"application\/ld+json\" class=\"yoast-schema-graph\">{\"@context\":\"https:\\\/\\\/schema.org\",\"@graph\":[{\"@type\":\"WebPage\",\"@id\":\"https:\\\/\\\/carloscuevas.mx\\\/sitio\\\/biografia\\\/\",\"url\":\"https:\\\/\\\/carloscuevas.mx\\\/sitio\\\/biografia\\\/\",\"name\":\"Biograf\u00eda - Carlos Cuevas :: Sitio Oficial M\u00e9xico\",\"isPartOf\":{\"@id\":\"https:\\\/\\\/carloscuevas.mx\\\/sitio\\\/#website\"},\"datePublished\":\"2016-05-22T21:02:56+00:00\",\"dateModified\":\"2017-10-27T19:28:47+00:00\",\"breadcrumb\":{\"@id\":\"https:\\\/\\\/carloscuevas.mx\\\/sitio\\\/biografia\\\/#breadcrumb\"},\"inLanguage\":\"es\",\"potentialAction\":[{\"@type\":\"ReadAction\",\"target\":[\"https:\\\/\\\/carloscuevas.mx\\\/sitio\\\/biografia\\\/\"]}]},{\"@type\":\"BreadcrumbList\",\"@id\":\"https:\\\/\\\/carloscuevas.mx\\\/sitio\\\/biografia\\\/#breadcrumb\",\"itemListElement\":[{\"@type\":\"ListItem\",\"position\":1,\"name\":\"Inicio\",\"item\":\"https:\\\/\\\/carloscuevas.mx\\\/sitio\\\/\"},{\"@type\":\"ListItem\",\"position\":2,\"name\":\"Biograf\u00eda\"}]},{\"@type\":\"WebSite\",\"@id\":\"https:\\\/\\\/carloscuevas.mx\\\/sitio\\\/#website\",\"url\":\"https:\\\/\\\/carloscuevas.mx\\\/sitio\\\/\",\"name\":\"Carlos Cuevas :: Sitio Oficial M\u00e9xico\",\"description\":\"El Icono de los Boleros\",\"potentialAction\":[{\"@type\":\"SearchAction\",\"target\":{\"@type\":\"EntryPoint\",\"urlTemplate\":\"https:\\\/\\\/carloscuevas.mx\\\/sitio\\\/?s={search_term_string}\"},\"query-input\":{\"@type\":\"PropertyValueSpecification\",\"valueRequired\":true,\"valueName\":\"search_term_string\"}}],\"inLanguage\":\"es\"}]}<\/script>\n<!-- \/ Yoast SEO plugin. -->","yoast_head_json":{"title":"Biograf\u00eda - Carlos Cuevas :: Sitio Oficial M\u00e9xico","robots":{"index":"index","follow":"follow","max-snippet":"max-snippet:-1","max-image-preview":"max-image-preview:large","max-video-preview":"max-video-preview:-1"},"canonical":"https:\/\/carloscuevas.mx\/sitio\/biografia\/","og_locale":"es_MX","og_type":"article","og_title":"Biograf\u00eda - Carlos Cuevas :: Sitio Oficial M\u00e9xico","og_description":"[vc_row iron_row_type=\u201din_container\u201d iron_remove_padding_medium=\u201d\u201d iron_remove_padding_small=\u201dmobilenopadding\u201d iron_overlay_pattern=\u201d\u201d iron_parallax=\u201d\u201d iron_bg_video=\u201d\u201d css=\u201d.vc_custom_1509035540674{margin-bottom: 50px !important;}\u201d][vc_column css=\u201d.vc_custom_1466002028564{padding-right: 15% !important;padding-left: 15% !important;}\u201d][vc_custom_heading text=\u201dBio.\u201d font_container=\u201dtag:p|font_size:12px|text_align:left|line_height:12px\u201d use_theme_fonts=\u201dyes\u201d fit_bg_text=\u201d0\u2033][vc_custom_heading text=\u201dMIENTRAS EXISTA UNA PAREJA DE ENAMORADOS, EXISTIR\u00c1 EL BOLERO, Y PARA CANTARLO CARLOS CUEVAS.\u201d font_container=\u201dtag:h3|font_size:30px|text_align:left|line_height:38px\u201d use_theme_fonts=\u201dyes\u201d fit_bg_text=\u201d0\u2033][vc_column_text css=\u201d.vc_custom_1509132525498{padding-bottom: 78px !important;}\u201d] El 1\u00ba de Diciembre de 1990, ante un p\u00fablico latino que lo aplaude extasiado y nost\u00e1lgico en Las Vegas, Nevada, Carlos Cuevas gana la fase internacional del Festival OTI y desde entonces no ha parado de trabajar incansablemente, cantando el bolero [&hellip;]","og_url":"https:\/\/carloscuevas.mx\/sitio\/biografia\/","og_site_name":"Carlos Cuevas :: Sitio Oficial M\u00e9xico","article_modified_time":"2017-10-27T19:28:47+00:00","twitter_card":"summary_large_image","twitter_misc":{"Tiempo de lectura":"2 minutos"},"schema":{"@context":"https:\/\/schema.org","@graph":[{"@type":"WebPage","@id":"https:\/\/carloscuevas.mx\/sitio\/biografia\/","url":"https:\/\/carloscuevas.mx\/sitio\/biografia\/","name":"Biograf\u00eda - Carlos Cuevas :: Sitio Oficial M\u00e9xico","isPartOf":{"@id":"https:\/\/carloscuevas.mx\/sitio\/#website"},"datePublished":"2016-05-22T21:02:56+00:00","dateModified":"2017-10-27T19:28:47+00:00","breadcrumb":{"@id":"https:\/\/carloscuevas.mx\/sitio\/biografia\/#breadcrumb"},"inLanguage":"es","potentialAction":[{"@type":"ReadAction","target":["https:\/\/carloscuevas.mx\/sitio\/biografia\/"]}]},{"@type":"BreadcrumbList","@id":"https:\/\/carloscuevas.mx\/sitio\/biografia\/#breadcrumb","itemListElement":[{"@type":"ListItem","position":1,"name":"Inicio","item":"https:\/\/carloscuevas.mx\/sitio\/"},{"@type":"ListItem","position":2,"name":"Biograf\u00eda"}]},{"@type":"WebSite","@id":"https:\/\/carloscuevas.mx\/sitio\/#website","url":"https:\/\/carloscuevas.mx\/sitio\/","name":"Carlos Cuevas :: Sitio Oficial M\u00e9xico","description":"El Icono de los Boleros","potentialAction":[{"@type":"SearchAction","target":{"@type":"EntryPoint","urlTemplate":"https:\/\/carloscuevas.mx\/sitio\/?s={search_term_string}"},"query-input":{"@type":"PropertyValueSpecification","valueRequired":true,"valueName":"search_term_string"}}],"inLanguage":"es"}]}},"_links":{"self":[{"href":"https:\/\/carloscuevas.mx\/sitio\/wp-json\/wp\/v2\/pages\/85","targetHints":{"allow":["GET"]}}],"collection":[{"href":"https:\/\/carloscuevas.mx\/sitio\/wp-json\/wp\/v2\/pages"}],"about":[{"href":"https:\/\/carloscuevas.mx\/sitio\/wp-json\/wp\/v2\/types\/page"}],"author":[{"embeddable":true,"href":"https:\/\/carloscuevas.mx\/sitio\/wp-json\/wp\/v2\/users\/2"}],"replies":[{"embeddable":true,"href":"https:\/\/carloscuevas.mx\/sitio\/wp-json\/wp\/v2\/comments?post=85"}],"version-history":[{"count":113,"href":"https:\/\/carloscuevas.mx\/sitio\/wp-json\/wp\/v2\/pages\/85\/revisions"}],"predecessor-version":[{"id":1240,"href":"https:\/\/carloscuevas.mx\/sitio\/wp-json\/wp\/v2\/pages\/85\/revisions\/1240"}],"wp:attachment":[{"href":"https:\/\/carloscuevas.mx\/sitio\/wp-json\/wp\/v2\/media?parent=85"}],"curies":[{"name":"wp","href":"https:\/\/api.w.org\/{rel}","templated":true}]}}